{"id":190,"date":"2026-05-10T12:24:08","date_gmt":"2026-05-10T10:24:08","guid":{"rendered":"https:\/\/blanchedalmond-armadillo-924948.hostingersite.com\/garage-servizi-auto\/"},"modified":"2026-05-13T00:27:05","modified_gmt":"2026-05-12T22:27:05","slug":"garage-servizi-auto","status":"publish","type":"page","link":"https:\/\/www.hotelviennamare.it\/en\/garage-servizi-auto\/","title":{"rendered":"Garage &amp; Auto Services"},"content":{"rendered":"<h2>CHIAMACI AL +39 0541 953004<\/h2>\n<h2>MOBILIT\u00c0 SOSTENIBILE HOTEL VIENNA MARE CATTOLICA<\/h2>\n<h2>La tua auto \u00e8 al sicuro, ma se vieni in treno transfer gratuito!<\/h2>\n<p>PARCHEGGIA LO STRESS SEMPRE GARANTITO CON SERVIZIO NAVETTA GRATUITO Tanto da fare per te, zero pensieri per la tua auto: una volta arrivato al Vienna Mare non dovrai pi\u00f9 preoccuparti del parcheggio. Abbiamo tre soluzioni pensate per ogni esigenza! SUPER: il parcheggio riservato attaccato all\u2019hotel. Tuo per tutta la vacanza! SMART: la tua auto al coperto nel nostro parking privato con servizio navetta gratuito. PREMIUM: la tua auto nel nostro comodo garage interrato.<\/p>\n<p>\u00c8 disponibile un parcheggio recintato e custodito a 5 minuti con servizio navetta 24h. Posto auto sempre garantito con un costo di \u20ac 7 al giorno compreso servizio navetta.<\/p>\n<p>Il Vienna Mare Hotel dispone di GARAGE AUTO video-controllato servito da un comodo ascensore che porta direttamente a tutti i piani dell\u2019hotel. La massima comodit\u00e0 e tranquillit\u00e0. 1 GIORNO \u20ac 18 | 2 GIORNI \u20ac 32 | 3 GIORNI \u20ac 45 | 4 GIORNI \u20ac 56 | 5 GIORNI \u20ac 65 | 6 GIORNI \u20ac 72| 7 GIORNI \u20ac 80 GARAGE GRATUITO FINO AL 25 MAGGIO E DAL 14 SETTEMBRE (con prenotazione e fino ad esaurimento posti) PER I MOTOCICLISTI, SEMPRE GRATUITO Late check out Parking disponibile con supplemento A DISPOSIZIONE GRATUITAMENTE BICICLETTE DA PASSEGGIO ANCHE CON SEGGIOLINO PER BAMBINO.<\/p>\n<p>Vuoi lasciare l\u2019auto a casa e viaggiare senza pensieri? Approfitta delle tante opportunit\u00e0 per raggiungere Cattolica con tutta comodit\u00e0. Il treno FrecciaRossa ferma alla stazione di Cattolica! Ti organizziamo e offriamo il transfer con veicolo elettrico. Gratuito per soggiorni minimo 3 giorni (servizio con prenotazione) Se invece preferisci l\u2019aereo, possiamo organizzare il transfer con una nostra agenzia di fiducia e convenzionata ad un prezzo estremamente conveniente.<\/p>\n<p>Su prenotazione noleggiamo ai nostri Ospiti E-MTB e CITY per vivere la vacanza senza fatica. La libert\u00e0 unica della bicicletta e la comodit\u00e0 della pedalata assistita: una vacanza in e-bike \u00e8 un\u2019esperienza da provare, per arricchirsi di emozioni e sensazioni nuove e per vivere un turismo sostenibile. Viaggiare su una bici elettrica significa avvicinarsi all\u2019autenticit\u00e0 dei luoghi senza consumarli, significa allontanarsi dalle rotte pi\u00f9 battute per vivere realmente il territorio, i suoi abitanti e la sua cultura, significa entrare in contatto con la natura con il vento tra i capelli e gli occhi pieni di nuovi orizzonti.<\/p>\n<h2>Pacchetti aggiuntivi<\/h2>\n<p>E per chi vuole approfittare della vacanza PER UN CONTROLLO E PER FARE ANCORA PI\u00d9 BELLA LA PROPRIA AUTO: Sicur-Auto e Bell-Auto. Per garantirti un soggiorno speciale e personalizzato, due pacchetti di servizi: SICUR-AUTO: servizio check up come indicato \u20ac 15 per auto BELL-AUTO: lavaggio solo carozzeria a mano \u20ac 15 per auto lavaggio carozzeria ed interni \u20ac 20 per auto<\/p>\n<h2>Summer Check Up<\/h2>\n<p>Prima di mettersi in viaggio \u00e8 sempre meglio fare un check up della tua auto, per tutti gli Ospiti del Vienna Mare Beach &amp; Sup Hotel di Cattolica un esclusivo servizio Summer Check Up, a domicilio, direttamente in albergo. Con solo 15 \u20ac verranno effettuati ben 11 CONTROLLI APPROFONDITI in pi\u00f9 avrai lo SCONTO FINO AL 30% per un ritorno in sicurezza e senza problemi. IL CHECK UP PREVEDE: Controllo sospensioni Controllo cinghia servizi Verifica livello olio e freni Controllo freni posteriori Controllo freni anteriori Controllo freno a mano Controllo efficienza luci e indicatori di direzione Controllo efficienza batteria Controllo tergicristalli e lavavetro Verifica usura e pressione pneumatici Controllo impianto condizionamento<\/p>\n<p>I vantaggi del servizio SUMMER CHECK UP non sono finiti, avrai inoltre: &#8211; sconto del 20% sulla sostituzione delle pastiglie freno (25% se abbinato al cambio dei dischi freno) &#8211; sconto del 25% sulla sostituzione degli ammortizzatori &#8211; sconto del 30% sul cambio degli pneumatici Le operazioni di assistenza e servizio sono garantiti dall\u2019officina PNEUS &amp; MOTOR Via Fiume Cattolica.<\/p>","protected":false},"excerpt":{"rendered":"<p>CHIAMACI AL +39 0541 953004 MOBILIT\u00c0 SOSTENIBILE HOTEL VIENNA MARE CATTOLICA La tua auto \u00e8 al sicuro, ma se vieni in treno\u2026<\/p>","protected":false},"author":1,"featured_media":0,"parent":0,"menu_order":0,"comment_status":"closed","ping_status":"closed","template":"page-vienna-mare.php","meta":{"_acf_changed":false,"footnotes":""},"class_list":["post-190","page","type-page","status-publish","hentry"],"acf":[],"_links":{"self":[{"href":"https:\/\/www.hotelviennamare.it\/en\/wp-json\/wp\/v2\/pages\/190","targetHints":{"allow":["GET"]}}],"collection":[{"href":"https:\/\/www.hotelviennamare.it\/en\/wp-json\/wp\/v2\/pages"}],"about":[{"href":"https:\/\/www.hotelviennamare.it\/en\/wp-json\/wp\/v2\/types\/page"}],"author":[{"embeddable":true,"href":"https:\/\/www.hotelviennamare.it\/en\/wp-json\/wp\/v2\/users\/1"}],"replies":[{"embeddable":true,"href":"https:\/\/www.hotelviennamare.it\/en\/wp-json\/wp\/v2\/comments?post=190"}],"version-history":[{"count":1,"href":"https:\/\/www.hotelviennamare.it\/en\/wp-json\/wp\/v2\/pages\/190\/revisions"}],"predecessor-version":[{"id":291,"href":"https:\/\/www.hotelviennamare.it\/en\/wp-json\/wp\/v2\/pages\/190\/revisions\/291"}],"wp:attachment":[{"href":"https:\/\/www.hotelviennamare.it\/en\/wp-json\/wp\/v2\/media?parent=190"}],"curies":[{"name":"wp","href":"https:\/\/api.w.org\/{rel}","templated":true}]}}