{"id":191,"date":"2026-05-10T12:24:08","date_gmt":"2026-05-10T10:24:08","guid":{"rendered":"https:\/\/blanchedalmond-armadillo-924948.hostingersite.com\/sostenibilita\/"},"modified":"2026-05-13T00:27:05","modified_gmt":"2026-05-12T22:27:05","slug":"sostenibilita","status":"publish","type":"page","link":"https:\/\/www.hotelviennamare.it\/en\/sostenibilita\/","title":{"rendered":"Sustainability"},"content":{"rendered":"<h2>CHIAMACI AL +39 0541 953004<\/h2>\n<h2>SOSTENIBILIT\u00c0 HOTEL VIENNA MARE CATTOLICA<\/h2>\n<h2>&gt;&gt; GUARDA IN TEMPO REALE QUANTI ALBERI EQUIVALENTI PIANTATI ED EMISSIONI CO2 EVITATE &lt;&lt;<\/h2>\n<p>Bravo \u00e8 il concierge digitale che i nostri Ospiti hanno sempre disponibile per richiedere informazioni e servizi personalizzati in tempo reale e contact less.<\/p>\n<p>TUTTE LE OPERAZIONI, DALLE CONFERME DI PRENOTAZIONE ALLE INFORMAZIONI PRE-ARRIVO, DAL WEB CHECK-IN, AL WEB CHECK-OUT PREVIEW E PAGAMENTO DEL CONTO* SONO DISPONIBILI ONLINE AIUTANDO A INSTAURARE UNA VERA E PROPRIA RELAZIONE TRA I NOSTRI OSPITI E I REPARTI DELLA STRUTTURA. ANCHE I MENU DEL RISTORANTE SONO ONLINE.<\/p>\n<p>LA QUALIT\u00c0 DEL SERVIZIO OFFERTO AUMENTA E LA GESTIONE DELLE PROCEDURE INTERNE VIENE FACILITATA PER GARANTIRE SICUREZZA, SERENIT\u00c0 ED UN COMODO SERVIZIO AI NOSTRI OSPITI ELIMINANDO LA QUASI TOTALIT\u00c0 DELLE OPERAZIONI DI STAMPA.<\/p>\n<p>* Tutte le transazioni sono a norma di legge (SCA e Direttiva Europea PSD2)<\/p>\n<p>L\u2019amore per l\u2019ambiente \u00e8 fatto di piccoli gesti quotidiani, ma anche di scelte responsabili e lungimiranti che raccontano il nostro impegno dal 1997 con il programma Mare Blu dell\u2019Universit\u00e0 di Bologna e con l\u2019adesione a Legambiente per il Turismo. Il Vienna Mare Hotel si impegna nella gestione di sostenibilit\u00e0 ed inclusione sociale della propria attivit\u00e0 con l\u2019obiettivo di creare esperienze di viaggio personalizzate, caratterizzate da libert\u00e0 e benessere per ogni ospite.<\/p>\n<h2>VVe are Green<\/h2>\n<p>Il nostro impegno di sostenibilit\u00e0 in termini di performance ambientali \u00e8 basato su cinque diversi ambiti d\u2019impatto: Energia, Acqua, Rifiuti, Acquisti, Comportamenti.<\/p>\n<p>ACQUA L\u2019elemento di vita #libera Acqua micro filtrata per garantirti benessere. E\u2019 ecologica e la troverai al Ristorante.<\/p>\n<p>TERRA La nostra madre #pulita Dispenser per ridurre lo spreco di plastica. Impatto zero sull\u2019ambiente.<\/p>\n<p>SOLE L\u2019energia pulita #limpido Innovativi sistemi di domotica. La natura \u00e8 un\u2019energia importante, sfruttiamola meglio e di pi\u00f9, senza inquinarla.<\/p>\n<p>ARIA Il respiro che tutto muove #pulita Lampade a led, a basso consumo, con meno dispersione di calore rispetto a quelle tradizionali. L\u2019aria ci nutre e vogliamo tenerla salubre.<\/p>\n<p>LO SENTI ANCHE TU IL PROFUMO DEL MARE E IL PREZIOSO IODIO DELLA NOSTRA ARIA? Profondamente convinti che non esiste vacanza senza ambiente, ci siamo prefissi l\u2019obiettivo di perseguire nel nostro \u201cpiccolo\u201d il rispetto e la tutela dell\u2019ambiente, in primis: &#8211; Pannelli SOLARE TERMICO per la produzione di acqua calda e per il riscaldamento &#8211; Impianto FOTOVOLTAICO per la produzione di energia elettrica L\u2019insieme di tali impianti che utilizzano fonti rinnovabili \u00e8 in grado di rendere parzialmente autosufficiente dal punto di vista energetico l\u2019intera struttura. La particolare attenzione per l\u2019ambiente e per le risorse naturali \u00e8 una scelta che stiamo portando avanti profondamente convinti che bastano piccole attenzioni per preservare la bellezza e la salute del nostro territorio. In particolare poniamo attenzione a: &#8211; Produrre meno RIFIUTI: partecipiamo alla raccolta differenziata ed ai programmi di riciclaggio, utilizziamo vuoti a rendere per le bevande e detersivi ecolabel non inquinanti e preferiamo imballaggi di vetro e di materiali riutilizzabili, per ridurre al minimo gli sprechi. &#8211; Ridurre i CONSUMI IDRICI e quelli ENERGETICI per il RISCALDAMENTO dell\u2019acqua. Per questo abbiamo installato gli acceleratori di flusso per le docce, i rubinetti e gli erogatori. &#8211; Impiegare CIBI SANI e privi di sostanze chimiche (pesticidi e anticrittogamici). Preferiamo frutta e verdura coltivati biologicamente o comunque con metodi a basso impatto ambientale, di cui conosciamo la provenienza. &#8211; Suggerire ai nostri ospiti a lasciare la propria auto a casa ed a viaggiare in treno. Offriamo il servizio TRANSFERT GRATUITO dalla Stazione ferroviaria di Cattolica e mettiamo a disposizione per gli spostamenti a Cattolica: biciclette da passeggio. &#8211; Sensibilizzare il nostro personale e i nostri ospiti a questa filosofia.<\/p>\n<h2>Aiutaci nella salvaguardia dell\u2019ambiente:<\/h2>\n<p>&#8211; lascia l\u2019auto parcheggiata e muoviti preferibilmente con le nostre biciclette, anche elettriche o con altri mezzi pubblici; &#8211; usa solo l\u2019acqua che serve, non lasciando aperti i rubinetti al di l\u00e0 dell\u2019effettiva necessit\u00e0; &#8211; getta i rifiuti nei cestini destinati alla raccolta differenziata, per favore non usare impropriamente lo scarico del WC; &#8211; segnala al personale eventuali perdite dell\u2019impianto idrico, anche se ridotte (una goccia d\u2019acqua pu\u00f2 consumare 10 litri al giorno); &#8211; aiutaci nel ridurre l\u2019utilizzo di acqua e detergenti, semplicemente lasciando sul pavimento del bagno i soli asciugamani realmente utilizzati e di cui desideri la sostituzione. Conservando appesi gli altri significher\u00e0 che intendi riutilizzarli un\u2019altra volta; &#8211; scegli cibi di stagione, di provenienza locale e Km \u00f8 unitamente alle bevande. Siamo molto sensibili ai pareri dei nostri ospiti, invitandoli a fornirci tutte le indicazioni che ritengono pi\u00f9 opportune per consentirci di proseguire con successo la strada della tutela dell\u2019ambiente.<\/p>\n<p>IT<\/p>\n<p>HOTEL VIENNA MARE<\/p>\n<p>LE NOSTRE CAMERE<\/p>\n<p>WELLNESS CUCINA<\/p>\n<p>SERVIZI E ATTIVIT\u00c0<\/p>\n<p>WE ARE FAMILY<\/p>\n<p>POSIZIONE E DINTORNI<\/p>\n<p>OFFERTE SPECIALI<\/p>\n<p>Bravo \u00e8 il concierge digitale che i nostri Ospiti hanno sempre disponibile per richiedere informazioni e servizi personalizzati in tempo reale e contact less.<\/p>\n<p>TUTTE LE OPERAZIONI, DALLE CONFERME DI PRENOTAZIONE ALLE INFORMAZIONI PRE-ARRIVO, DAL WEB CHECK-IN, AL WEB CHECK-OUT PREVIEW E PAGAMENTO DEL CONTO* SONO DISPONIBILI ONLINE AIUTANDO A INSTAURARE UNA VERA E PROPRIA RELAZIONE TRA I NOSTRI OSPITI E I REPARTI DELLA STRUTTURA. ANCHE I MENU DEL RISTORANTE SONO ONLINE.<\/p>\n<p>LA QUALIT\u00c0 DEL SERVIZIO OFFERTO AUMENTA E LA GESTIONE DELLE PROCEDURE INTERNE VIENE FACILITATA PER GARANTIRE SICUREZZA, SERENIT\u00c0 ED UN COMODO SERVIZIO AI NOSTRI OSPITI ELIMINANDO LA QUASI TOTALIT\u00c0 DELLE OPERAZIONI DI STAMPA.<\/p>\n<p>* Tutte le transazioni sono a norma di legge (SCA e Direttiva Europea PSD2)<\/p>\n<p>L\u2019amore per l\u2019ambiente \u00e8 fatto di piccoli gesti quotidiani, ma anche di scelte responsabili e lungimiranti che raccontano il nostro impegno dal 1997 con il programma Mare Blu dell\u2019Universit\u00e0 di Bologna e con l\u2019adesione a Legambiente per il Turismo. Il Vienna Mare Hotel si impegna nella gestione di sostenibilit\u00e0 ed inclusione sociale della propria attivit\u00e0 con l\u2019obiettivo di creare esperienze di viaggio personalizzate, caratterizzate da libert\u00e0 e benessere per ogni ospite.<\/p>\n<p>Il nostro impegno di sostenibilit\u00e0 in termini di performance ambientali \u00e8 basato su cinque diversi ambiti d\u2019impatto: Energia, Acqua, Rifiuti, Acquisti, Comportamenti.<\/p>\n<p>ACQUA L\u2019elemento di vita #libera Acqua micro filtrata per garantirti benessere. E\u2019 ecologica e la troverai al Ristorante.<\/p>\n<p>TERRA La nostra madre #pulita Dispenser per ridurre lo spreco di plastica. Impatto zero sull\u2019ambiente.<\/p>\n<p>SOLE L\u2019energia pulita #limpido Innovativi sistemi di domotica. La natura \u00e8 un\u2019energia importante, sfruttiamola meglio e di pi\u00f9, senza inquinarla.<\/p>\n<p>ARIA Il respiro che tutto muove #pulita Lampade a led, a basso consumo, con meno dispersione di calore rispetto a quelle tradizionali. L\u2019aria ci nutre e vogliamo tenerla salubre.<\/p>\n<p>LO SENTI ANCHE TU IL PROFUMO DEL MARE E IL PREZIOSO IODIO DELLA NOSTRA ARIA? Profondamente convinti che non esiste vacanza senza ambiente, ci siamo prefissi l\u2019obiettivo di perseguire nel nostro \u201cpiccolo\u201d il rispetto e la tutela dell\u2019ambiente, in primis: &#8211; Pannelli SOLARE TERMICO per la produzione di acqua calda e per il riscaldamento &#8211; Impianto FOTOVOLTAICO per la produzione di energia elettrica L\u2019insieme di tali impianti che utilizzano fonti rinnovabili \u00e8 in grado di rendere parzialmente autosufficiente dal punto di vista energetico l\u2019intera struttura. La particolare attenzione per l\u2019ambiente e per le risorse naturali \u00e8 una scelta che stiamo portando avanti profondamente convinti che bastano piccole attenzioni per preservare la bellezza e la salute del nostro territorio. In particolare poniamo attenzione a: &#8211; Produrre meno RIFIUTI: partecipiamo alla raccolta differenziata ed ai programmi di riciclaggio, utilizziamo vuoti a rendere per le bevande e detersivi ecolabel non inquinanti e preferiamo imballaggi di vetro e di materiali riutilizzabili, per ridurre al minimo gli sprechi. &#8211; Ridurre i CONSUMI IDRICI e quelli ENERGETICI per il RISCALDAMENTO dell\u2019acqua. Per questo abbiamo installato gli acceleratori di flusso per le docce, i rubinetti e gli erogatori. &#8211; Impiegare CIBI SANI e privi di sostanze chimiche (pesticidi e anticrittogamici). Preferiamo frutta e verdura coltivati biologicamente o comunque con metodi a basso impatto ambientale, di cui conosciamo la provenienza. &#8211; Suggerire ai nostri ospiti a lasciare la propria auto a casa ed a viaggiare in treno. Offriamo il servizio TRANSFERT GRATUITO dalla Stazione ferroviaria di Cattolica e mettiamo a disposizione per gli spostamenti a Cattolica: biciclette da passeggio. &#8211; Sensibilizzare il nostro personale e i nostri ospiti a questa filosofia.<\/p>\n<p>&#8211; lascia l\u2019auto parcheggiata e muoviti preferibilmente con le nostre biciclette, anche elettriche o con altri mezzi pubblici; &#8211; usa solo l\u2019acqua che serve, non lasciando aperti i rubinetti al di l\u00e0 dell\u2019effettiva necessit\u00e0; &#8211; getta i rifiuti nei cestini destinati alla raccolta differenziata, per favore non usare impropriamente lo scarico del WC; &#8211; segnala al personale eventuali perdite dell\u2019impianto idrico, anche se ridotte (una goccia d\u2019acqua pu\u00f2 consumare 10 litri al giorno); &#8211; aiutaci nel ridurre l\u2019utilizzo di acqua e detergenti, semplicemente lasciando sul pavimento del bagno i soli asciugamani realmente utilizzati e di cui desideri la sostituzione. Conservando appesi gli altri significher\u00e0 che intendi riutilizzarli un\u2019altra volta; &#8211; scegli cibi di stagione, di provenienza locale e Km \u00f8 unitamente alle bevande. Siamo molto sensibili ai pareri dei nostri ospiti, invitandoli a fornirci tutte le indicazioni che ritengono pi\u00f9 opportune per consentirci di proseguire con successo la strada della tutela dell\u2019ambiente.<\/p>\n<p>OFFERTA EARLY BOOKING<\/p>\n<p>Hotel Vienna Mare<\/p>\n<p>+39 0541 953004<\/p>\n<p>+39 00 00000000<\/p>\n<p>info@hotelviennamare.it<\/p>\n<p>Via Fiume 63 &#8211; 47841 Cattolica (RN)P.Iva: 03503890406<\/p>\n<p>**Testo:** IT<\/p>\n<p>**Testo:** &#8211;<\/p>\n<p>**Testo:** HOTEL VIENNA MARE<\/p>\n<p>**Testo:** LE NOSTRE CAMERE<\/p>\n<p>**Testo:** &#8211;<\/p>\n<p>**Testo:** &#8211;<\/p>\n<p>**Testo:** &#8211;<\/p>\n<p>**Testo:** &#8211;<\/p>\n<p>**Testo:** WELLNESS CUCINA<\/p>\n<p>**Testo:** &#8211;<\/p>\n<p>**Testo:** &#8211;<\/p>\n<p>**Testo:** &#8211;<\/p>\n<p>**Testo:** &#8211;<\/p>\n<p>**Testo:** SERVIZI E ATTIVIT\u00c0<\/p>\n<p>**Testo:** &#8211;<\/p>\n<p>**Testo:** &#8211;<\/p>\n<p>**Testo:** &#8211;<\/p>\n<p>**Testo:** &#8211;<\/p>\n<p>**Testo:** WE ARE FAMILY<\/p>\n<p>**Testo:** POSIZIONE E DINTORNI<\/p>\n<p>**Testo:** &#8211;<\/p>\n<p>**Testo:** &#8211;<\/p>\n<p>**Testo:** OFFERTE SPECIALI<\/p>\n<p>**Testo:** &#8211;<\/p>\n<p>**Testo:** &gt;&gt; GUARDA IN TEMPO REALE QUANTI ALBERI EQUIVALENTI PIANTATI ED EMISSIONI CO2 EVITATE &lt;&lt;<\/p>\n<p>**Testo:** Impianto FOTOVOLTAICO per la produzione di energia elettrica<\/p>\n<p>**Testo:** TRANSFERT GRATUITO<\/p>\n<p>**Testo:** OFFERTA EARLY BOOKING<\/p>\n<p>**Testo:** Leggi di pi\u00f9<\/p>","protected":false},"excerpt":{"rendered":"<p>CHIAMACI AL +39 0541 953004 SOSTENIBILIT\u00c0 HOTEL VIENNA MARE CATTOLICA &gt;&gt; GUARDA IN TEMPO REALE QUANTI ALBERI EQUIVALENTI PIANTATI ED EMISSIONI CO2\u2026<\/p>","protected":false},"author":1,"featured_media":0,"parent":0,"menu_order":0,"comment_status":"closed","ping_status":"closed","template":"page-vienna-mare.php","meta":{"_acf_changed":false,"footnotes":""},"class_list":["post-191","page","type-page","status-publish","hentry"],"acf":[],"_links":{"self":[{"href":"https:\/\/www.hotelviennamare.it\/en\/wp-json\/wp\/v2\/pages\/191","targetHints":{"allow":["GET"]}}],"collection":[{"href":"https:\/\/www.hotelviennamare.it\/en\/wp-json\/wp\/v2\/pages"}],"about":[{"href":"https:\/\/www.hotelviennamare.it\/en\/wp-json\/wp\/v2\/types\/page"}],"author":[{"embeddable":true,"href":"https:\/\/www.hotelviennamare.it\/en\/wp-json\/wp\/v2\/users\/1"}],"replies":[{"embeddable":true,"href":"https:\/\/www.hotelviennamare.it\/en\/wp-json\/wp\/v2\/comments?post=191"}],"version-history":[{"count":1,"href":"https:\/\/www.hotelviennamare.it\/en\/wp-json\/wp\/v2\/pages\/191\/revisions"}],"predecessor-version":[{"id":292,"href":"https:\/\/www.hotelviennamare.it\/en\/wp-json\/wp\/v2\/pages\/191\/revisions\/292"}],"wp:attachment":[{"href":"https:\/\/www.hotelviennamare.it\/en\/wp-json\/wp\/v2\/media?parent=191"}],"curies":[{"name":"wp","href":"https:\/\/api.w.org\/{rel}","templated":true}]}}