{"id":7,"date":"2026-04-24T20:10:43","date_gmt":"2026-04-24T20:10:43","guid":{"rendered":"https:\/\/blanchedalmond-armadillo-924948.hostingersite.com\/chi-siamo\/"},"modified":"2026-05-13T00:27:05","modified_gmt":"2026-05-12T22:27:05","slug":"chi-siamo","status":"publish","type":"page","link":"https:\/\/www.hotelviennamare.it\/en\/chi-siamo\/","title":{"rendered":"Who we are"},"content":{"rendered":"<h2>CHIAMACI AL +39 0541 953004<\/h2>\n<h2>CHI SIAMO HOTEL VIENNA MARE CATTOLICA<\/h2>\n<p>UNA STORIA CHE GUARDA IL MARE<\/p>\n<p>Il Vienna Mare si affaccia direttamente sul lungomare di Cattolica, con accesso alla spiaggia senza attraversare strade trafficate. Una posizione centrale, comoda per vivere la citt\u00e0 a piedi, ma allo stesso tempo protetta e tranquilla.<\/p>\n<p>Un passo dalla sabbia, due dall\u2019ombrellone. Qui il mare non \u00e8 uno sfondo: \u00e8 parte della quotidianit\u00e0.<\/p>\n<p>LE NOSTRE RADICI<\/p>\n<p>La storia dell\u2019hotel inizia nei primi anni del Novecento, quando nel 1905 Giuseppe Verni costru\u00ec \u201cVilla Adami\u201d con il desiderio di far conoscere agli amici il suo \u201coceano Adriatico\u201d.<\/p>\n<p>Negli anni Trenta, da quella villa nacque il Vienna. Da allora l\u2019hotel \u00e8 cresciuto stagione dopo stagione, rinnovando ambienti, servizi e spazi comuni, senza mai perdere la sua vocazione all\u2019accoglienza.<\/p>\n<p>La vista mare \u00e8 sempre stata una costante: ogni intervento \u00e8 stato pensato per valorizzare il legame diretto con l\u2019Adriatico.<\/p>\n<p>LA NOSTRA IDEA DI OSPITALIT\u00c0<\/p>\n<p>Amiamo il Vienna perch\u00e9 \u00e8 la nostra casa. E ci piace pensare che, quando arrivi, possa diventarlo anche per te.<\/p>\n<p>Accoglienza semplice, presenza costante, attenzione ai dettagli. Non grandi promesse, ma gesti concreti.<\/p>\n<p>\u00c8 DA QUI CHE NASCE LA NOSTRA IDEA DI VACANZA.<\/p>\n<p>VACANZE, COME UNA VOLTA.<\/p>","protected":false},"excerpt":{"rendered":"<p>CHIAMACI AL +39 0541 953004 CHI SIAMO HOTEL VIENNA MARE CATTOLICA UNA STORIA CHE GUARDA IL MARE Il Vienna Mare si affaccia\u2026<\/p>","protected":false},"author":1,"featured_media":0,"parent":0,"menu_order":0,"comment_status":"closed","ping_status":"closed","template":"page-chi-siamo.php","meta":{"_acf_changed":false,"footnotes":""},"class_list":["post-7","page","type-page","status-publish","hentry"],"acf":[],"_links":{"self":[{"href":"https:\/\/www.hotelviennamare.it\/en\/wp-json\/wp\/v2\/pages\/7","targetHints":{"allow":["GET"]}}],"collection":[{"href":"https:\/\/www.hotelviennamare.it\/en\/wp-json\/wp\/v2\/pages"}],"about":[{"href":"https:\/\/www.hotelviennamare.it\/en\/wp-json\/wp\/v2\/types\/page"}],"author":[{"embeddable":true,"href":"https:\/\/www.hotelviennamare.it\/en\/wp-json\/wp\/v2\/users\/1"}],"replies":[{"embeddable":true,"href":"https:\/\/www.hotelviennamare.it\/en\/wp-json\/wp\/v2\/comments?post=7"}],"version-history":[{"count":2,"href":"https:\/\/www.hotelviennamare.it\/en\/wp-json\/wp\/v2\/pages\/7\/revisions"}],"predecessor-version":[{"id":293,"href":"https:\/\/www.hotelviennamare.it\/en\/wp-json\/wp\/v2\/pages\/7\/revisions\/293"}],"wp:attachment":[{"href":"https:\/\/www.hotelviennamare.it\/en\/wp-json\/wp\/v2\/media?parent=7"}],"curies":[{"name":"wp","href":"https:\/\/api.w.org\/{rel}","templated":true}]}}